{"id":2,"date":"2019-10-07T19:46:00","date_gmt":"2019-10-07T17:46:00","guid":{"rendered":"https:\/\/tenalaaquafysio.fi\/?page_id=2"},"modified":"2023-08-24T09:38:14","modified_gmt":"2023-08-24T07:38:14","slug":"start","status":"publish","type":"page","link":"https:\/\/tenalaaquafysio.fi\/","title":{"rendered":"Startsida"},"content":{"rendered":"<p>[et_pb_section fb_built=&#8221;1&#8243; _builder_version=&#8221;3.29.3&#8243; bottom_divider_style=&#8221;ramp&#8221; bottom_divider_color=&#8221;#000000&#8243; bottom_divider_flip=&#8221;horizontal&#8221;][et_pb_row column_structure=&#8221;1_2,1_2&#8243; _builder_version=&#8221;3.29.3&#8243; custom_margin=&#8221;auto||auto||false|false&#8221; custom_padding=&#8221;|0px||0px|false|false&#8221;][et_pb_column type=&#8221;1_2&#8243; _builder_version=&#8221;3.29.3&#8243;][et_pb_image src=&#8221;https:\/\/tenalaaquafysio.fi\/wp-content\/uploads\/2019\/09\/Hundfysiologo-original.jpg&#8221; _builder_version=&#8221;3.29.3&#8243;][\/et_pb_image][et_pb_text _builder_version=&#8221;3.29.3&#8243;]<\/p>\n<p style=\"text-align: center;\"><strong>Svedjav\u00e4gen 65, 10520 Tenala<\/strong><\/p>\n<p>[\/et_pb_text][\/et_pb_column][et_pb_column type=&#8221;1_2&#8243; _builder_version=&#8221;3.29.3&#8243;][et_pb_image src=&#8221;https:\/\/tenalaaquafysio.fi\/wp-content\/uploads\/2019\/09\/titelbild.jpg&#8221; _builder_version=&#8221;3.29.3&#8243;][\/et_pb_image][\/et_pb_column][\/et_pb_row][\/et_pb_section][et_pb_section fb_built=&#8221;1&#8243; admin_label=&#8221;Services Section&#8221; _builder_version=&#8221;3.29.3&#8243; background_color=&#8221;#000000&#8243; background_enable_image=&#8221;off&#8221; background_size=&#8221;contain&#8221; background_position=&#8221;center_right&#8221; custom_padding=&#8221;0px||0px||true|false&#8221;][et_pb_row column_structure=&#8221;1_2,1_2&#8243; admin_label=&#8221;Services Row&#8221; _builder_version=&#8221;3.25&#8243; custom_padding=&#8221;||0px|||&#8221;][et_pb_column type=&#8221;1_2&#8243; _builder_version=&#8221;3.25&#8243; custom_padding=&#8221;|||&#8221; custom_padding__hover=&#8221;|||&#8221;][et_pb_text _builder_version=&#8221;3.29.3&#8243; text_font=&#8221;Lora||||||||&#8221; text_font_size=&#8221;18px&#8221; text_line_height=&#8221;2em&#8221; header_font=&#8221;||||||||&#8221; header_2_font=&#8221;Lora|700|||||||&#8221; header_2_font_size=&#8221;50px&#8221; header_2_line_height=&#8221;1.5em&#8221; header_5_font=&#8221;Oswald|||on|||||&#8221; header_5_text_color=&#8221;rgba(255,255,255,0.4)&#8221; header_5_font_size=&#8221;20px&#8221; header_5_letter_spacing=&#8221;3px&#8221; header_5_line_height=&#8221;1.7em&#8221; background_layout=&#8221;dark&#8221; max_width=&#8221;600px&#8221; module_alignment=&#8221;center&#8221; text_line_height_last_edited=&#8221;off|desktop&#8221; header_2_font_size_tablet=&#8221;&#8221; header_2_font_size_phone=&#8221;36px&#8221; header_2_font_size_last_edited=&#8221;on|desktop&#8221;]<\/p>\n<h5>Vattenterapi<\/h5>\n<h2>Water-Walker<\/h2>\n<p><span>P\u00e5 vattenl\u00f6pbanan tr\u00e4nar hunden upp sin\u00a0<\/span><span>muskulatur, senor, ligament och leder.\u00a0Det \u00e4r en skonsam och effektiv tr\u00e4ning.\u00a0<\/span><\/p>\n<p><span><\/span><\/p>\n<p>[\/et_pb_text][\/et_pb_column][et_pb_column type=&#8221;1_2&#8243; _builder_version=&#8221;3.25&#8243; custom_padding=&#8221;|||&#8221; custom_padding__hover=&#8221;|||&#8221;][et_pb_text _builder_version=&#8221;3.29.3&#8243; text_font=&#8221;Lora||||||||&#8221; text_font_size=&#8221;18px&#8221; text_line_height=&#8221;2em&#8221; header_font=&#8221;||||||||&#8221; header_5_font=&#8221;|||on|||||&#8221; background_layout=&#8221;dark&#8221; max_width=&#8221;600px&#8221; min_height=&#8221;214px&#8221; custom_padding=&#8221;24px||0px||false|false&#8221; text_line_height_last_edited=&#8221;off|desktop&#8221;]<\/p>\n<p><span>R\u00f6relse i vatten ger minimal belastning p\u00e5 kroppen samtidigt som vattnets motst\u00e5nd avsev\u00e4rt \u00f6kar\u00a0tr\u00e4ningseffekten.\u00a0<\/span>Styrka och r\u00f6rlighet i hundens extremiteter f\u00f6rb\u00e4ttras snabbt, b\u00e5de i friskv\u00e5rdande syfte och som behandling efter skador eller kirurgi<\/p>\n<p>[\/et_pb_text][\/et_pb_column][\/et_pb_row][\/et_pb_section][et_pb_section fb_built=&#8221;1&#8243; _builder_version=&#8221;3.29.3&#8243; min_height=&#8221;500px&#8221; custom_padding=&#8221;119px||0px||false|false&#8221; top_divider_style=&#8221;ramp&#8221; top_divider_color=&#8221;#000000&#8243;][et_pb_row column_structure=&#8221;1_2,1_2&#8243; _builder_version=&#8221;3.29.3&#8243; custom_padding=&#8221;||0px||false|false&#8221;][et_pb_column type=&#8221;1_2&#8243; _builder_version=&#8221;3.29.3&#8243; hover_enabled=&#8221;0&#8243; sticky_enabled=&#8221;0&#8243;][et_pb_blurb image=&#8221;https:\/\/tenalaaquafysio.fi\/wp-content\/uploads\/2023\/08\/King-Charles-pa-vattenlopmattan.jpg&#8221; _builder_version=&#8221;4.9.0&#8243; background_color=&#8221;#FFFFFF&#8221; hover_enabled=&#8221;0&#8243; border_radii_image=&#8221;off||||&#8221; box_shadow_style_image=&#8221;preset2&#8243; alt=&#8221;Hund p\u00e5 vattenl\u00f6pmattan&#8221; title_text=&#8221;King Charles p\u00e5 vattenl\u00f6pmattan&#8221; sticky_enabled=&#8221;0&#8243;][\/et_pb_blurb][\/et_pb_column][et_pb_column type=&#8221;1_2&#8243; _builder_version=&#8221;3.29.3&#8243;][et_pb_blurb title=&#8221;Tr\u00e4ning p\u00e5 vattenl\u00f6pbana l\u00e4mpar sig i f\u00f6ljande situationer:&#8221; use_icon=&#8221;on&#8221; _builder_version=&#8221;3.29.3&#8243; header_level=&#8221;h1&#8243; header_font=&#8221;|700|||||||&#8221; header_text_color=&#8221;#0C71C3&#8243;]<\/p>\n<p>&nbsp;<\/p>\n<ul>\n<li>postoperativ rehabilitering<\/li>\n<li>vid skador och sjukdomar i muskler, ligament och skelett<\/li>\n<li>r\u00f6rlighetstr\u00e4ning f\u00f6r hundar med artros eller andra ledproblem<\/li>\n<li>tr\u00e4ning f\u00f6r \u00f6verviktiga hundar<\/li>\n<li>uth\u00e5llighets- och styrketr\u00e4ning f\u00f6r tj\u00e4nste- och t\u00e4vlingshundar<\/li>\n<li>motion och styrketr\u00e4ning f\u00f6r alla sorters hundar<\/li>\n<\/ul>\n<p>[\/et_pb_blurb][\/et_pb_column][\/et_pb_row][\/et_pb_section][et_pb_section fb_built=&#8221;1&#8243; admin_label=&#8221;Footer Section&#8221; _builder_version=&#8221;3.29.3&#8243; background_color=&#8221;#232220&#8243; use_background_color_gradient=&#8221;on&#8221; background_color_gradient_start=&#8221;#232220&#8243; background_color_gradient_end=&#8221;rgba(35,34,32,0.13)&#8221; background_color_gradient_start_position=&#8221;25%&#8221; background_color_gradient_overlays_image=&#8221;on&#8221; background_enable_image=&#8221;off&#8221; custom_margin=&#8221;0px||||false|false&#8221; custom_padding=&#8221;0px|0px|0px|0px|true|false&#8221; saved_tabs=&#8221;all&#8221;][et_pb_row column_structure=&#8221;1_4,1_2,1_4&#8243; admin_label=&#8221;Subscribe&#8221; _builder_version=&#8221;3.29.3&#8243; min_height=&#8221;163px&#8221; custom_margin=&#8221;0px|auto|auto|auto|false|false&#8221; custom_padding=&#8221;0px||||false|false&#8221; animation_style=&#8221;zoom&#8221; animation_intensity_zoom=&#8221;5%&#8221;][et_pb_column type=&#8221;1_4&#8243; _builder_version=&#8221;3.25&#8243; custom_padding=&#8221;|||&#8221; custom_padding__hover=&#8221;|||&#8221;][\/et_pb_column][et_pb_column type=&#8221;1_2&#8243; _builder_version=&#8221;3.25&#8243; custom_padding=&#8221;|||&#8221; custom_padding__hover=&#8221;|||&#8221;][et_pb_social_media_follow _builder_version=&#8221;3.29.3&#8243; text_orientation=&#8221;center&#8221; custom_margin=&#8221;auto||||false|false&#8221;][\/et_pb_social_media_follow][et_pb_text _builder_version=&#8221;3.29.3&#8243; custom_margin=&#8221;0px||||false|false&#8221; custom_padding=&#8221;0px||||false|false&#8221;]<\/p>\n<p><strong>Tenala AquaFysio samarbetar bl.a. med:<\/strong><\/p>\n<p>Sjuvet veterin\u00e4rer i Tenala och Sjunde\u00e5<br \/> Fiskars veterin\u00e4r<br \/> Tammisaaren el\u00e4inl\u00e4\u00e4k\u00e4riasema &#8211; Eken\u00e4s veterin\u00e4rstation<br \/> Raseborgs veterin\u00e4r<br \/> Bruks Veterin\u00e4rer<br \/> Inkoon El\u00e4inl\u00e4\u00e4k\u00e4ri Kaisa Wuorimaa<br \/> Veterin\u00e4r Tarja Lagstr\u00f6m<br \/> Perni\u00f6n El\u00e4inklinikka<\/p>\n<p>[\/et_pb_text][\/et_pb_column][et_pb_column type=&#8221;1_4&#8243; _builder_version=&#8221;3.25&#8243; custom_padding=&#8221;|||&#8221; custom_padding__hover=&#8221;|||&#8221;][\/et_pb_column][\/et_pb_row][\/et_pb_section]<\/p>\n","protected":false},"excerpt":{"rendered":"<p>[et_pb_section fb_built=&#8221;1&#8243; _builder_version=&#8221;3.29.3&#8243; bottom_divider_style=&#8221;ramp&#8221; bottom_divider_color=&#8221;#000000&#8243; bottom_divider_flip=&#8221;horizontal&#8221;][et_pb_row column_structure=&#8221;1_2,1_2&#8243; _builder_version=&#8221;3.29.3&#8243; custom_margin=&#8221;auto||auto||false|false&#8221; custom_padding=&#8221;|0px||0px|false|false&#8221;][et_pb_column type=&#8221;1_2&#8243; _builder_version=&#8221;3.29.3&#8243;][et_pb_image src=&#8221;https:\/\/tenalaaquafysio.fi\/wp-content\/uploads\/2019\/09\/Hundfysiologo-original.jpg&#8221; _builder_version=&#8221;3.29.3&#8243;][\/et_pb_image][et_pb_text _builder_version=&#8221;3.29.3&#8243;] Svedjav\u00e4gen 65, 10520 Tenala [\/et_pb_text][\/et_pb_column][et_pb_column type=&#8221;1_2&#8243; _builder_version=&#8221;3.29.3&#8243;][et_pb_image src=&#8221;https:\/\/tenalaaquafysio.fi\/wp-content\/uploads\/2019\/09\/titelbild.jpg&#8221; _builder_version=&#8221;3.29.3&#8243;][\/et_pb_image][\/et_pb_column][\/et_pb_row][\/et_pb_section][et_pb_section fb_built=&#8221;1&#8243; admin_label=&#8221;Services Section&#8221; _builder_version=&#8221;3.29.3&#8243; background_color=&#8221;#000000&#8243; background_enable_image=&#8221;off&#8221; background_size=&#8221;contain&#8221; background_position=&#8221;center_right&#8221; custom_padding=&#8221;0px||0px||true|false&#8221;][et_pb_row column_structure=&#8221;1_2,1_2&#8243; admin_label=&#8221;Services Row&#8221; _builder_version=&#8221;3.25&#8243; custom_padding=&#8221;||0px|||&#8221;][et_pb_column type=&#8221;1_2&#8243; _builder_version=&#8221;3.25&#8243; custom_padding=&#8221;|||&#8221; custom_padding__hover=&#8221;|||&#8221;][et_pb_text _builder_version=&#8221;3.29.3&#8243; text_font=&#8221;Lora||||||||&#8221; text_font_size=&#8221;18px&#8221; text_line_height=&#8221;2em&#8221; header_font=&#8221;||||||||&#8221; header_2_font=&#8221;Lora|700|||||||&#8221; header_2_font_size=&#8221;50px&#8221; header_2_line_height=&#8221;1.5em&#8221; header_5_font=&#8221;Oswald|||on|||||&#8221; header_5_text_color=&#8221;rgba(255,255,255,0.4)&#8221; header_5_font_size=&#8221;20px&#8221; header_5_letter_spacing=&#8221;3px&#8221; header_5_line_height=&#8221;1.7em&#8221; [&hellip;]<\/p>\n","protected":false},"author":1,"featured_media":0,"parent":0,"menu_order":0,"comment_status":"closed","ping_status":"open","template":"","meta":{"_et_pb_use_builder":"on","_et_pb_old_content":"<!-- wp:paragraph -->\n<p>This is an example page. It's different from a blog post because it will stay in one place and will show up in your site navigation (in most themes). Most people start with an About page that introduces them to potential site visitors. It might say something like this:<\/p>\n<!-- \/wp:paragraph -->\n\n<!-- wp:quote -->\n<blockquote class=\"wp-block-quote\"><p>Hi there! I'm a bike messenger by day, aspiring actor by night, and this is my website. I live in Los Angeles, have a great dog named Jack, and I like pi&#241;a coladas. (And gettin' caught in the rain.)<\/p><\/blockquote>\n<!-- \/wp:quote -->\n\n<!-- wp:paragraph -->\n<p>...or something like this:<\/p>\n<!-- \/wp:paragraph -->\n\n<!-- wp:quote -->\n<blockquote class=\"wp-block-quote\"><p>The XYZ Doohickey Company was founded in 1971, and has been providing quality doohickeys to the public ever since. Located in Gotham City, XYZ employs over 2,000 people and does all kinds of awesome things for the Gotham community.<\/p><\/blockquote>\n<!-- \/wp:quote -->\n\n<!-- wp:paragraph -->\n<p>As a new WordPress user, you should go to <a href=\"https:\/\/tenalaaquafysio.fi\/wp-admin\/\">your dashboard<\/a> to delete this page and create new pages for your content. Have fun!<\/p>\n<!-- \/wp:paragraph -->","_et_gb_content_width":"","footnotes":""},"_links":{"self":[{"href":"https:\/\/tenalaaquafysio.fi\/index.php\/wp-json\/wp\/v2\/pages\/2"}],"collection":[{"href":"https:\/\/tenalaaquafysio.fi\/index.php\/wp-json\/wp\/v2\/pages"}],"about":[{"href":"https:\/\/tenalaaquafysio.fi\/index.php\/wp-json\/wp\/v2\/types\/page"}],"author":[{"embeddable":true,"href":"https:\/\/tenalaaquafysio.fi\/index.php\/wp-json\/wp\/v2\/users\/1"}],"replies":[{"embeddable":true,"href":"https:\/\/tenalaaquafysio.fi\/index.php\/wp-json\/wp\/v2\/comments?post=2"}],"version-history":[{"count":32,"href":"https:\/\/tenalaaquafysio.fi\/index.php\/wp-json\/wp\/v2\/pages\/2\/revisions"}],"predecessor-version":[{"id":253,"href":"https:\/\/tenalaaquafysio.fi\/index.php\/wp-json\/wp\/v2\/pages\/2\/revisions\/253"}],"wp:attachment":[{"href":"https:\/\/tenalaaquafysio.fi\/index.php\/wp-json\/wp\/v2\/media?parent=2"}],"curies":[{"name":"wp","href":"https:\/\/api.w.org\/{rel}","templated":true}]}}